{"id":278735,"date":"2025-08-03T08:31:05","date_gmt":"2025-08-03T06:31:05","guid":{"rendered":"https:\/\/wpexp.com.au\/cherycentrum\/?page_id=278735"},"modified":"2025-08-30T03:41:35","modified_gmt":"2025-08-30T01:41:35","slug":"elerhetosegek","status":"publish","type":"page","link":"https:\/\/wpexp.com.au\/cherycentrum\/elerhetosegek\/","title":{"rendered":"El\u00e9rhet\u0151s\u00e9gek"},"content":{"rendered":"<p>[et_pb_section fb_built=&#8221;1&#8243; _builder_version=&#8221;4.27.4&#8243; _module_preset=&#8221;default&#8221; background_color=&#8221;#B6AFA5&#8243; custom_padding=&#8221;14px|||||&#8221; global_colors_info=&#8221;{}&#8221;][et_pb_row _builder_version=&#8221;4.27.4&#8243; _module_preset=&#8221;default&#8221; global_colors_info=&#8221;{}&#8221;][et_pb_column type=&#8221;4_4&#8243; _builder_version=&#8221;4.27.4&#8243; _module_preset=&#8221;default&#8221; global_colors_info=&#8221;{}&#8221;][et_pb_heading title=&#8221;EL\u00c9RHET\u0150S\u00c9GEK&#8221; _builder_version=&#8221;4.27.4&#8243; _module_preset=&#8221;default&#8221; title_text_color=&#8221;#5A5A5A&#8221; title_font_size=&#8221;40px&#8221; animation_style=&#8221;fade&#8221; title_font_size_tablet=&#8221;40px&#8221; title_font_size_phone=&#8221;30px&#8221; title_font_size_last_edited=&#8221;on|phone&#8221; global_colors_info=&#8221;{}&#8221;][\/et_pb_heading][\/et_pb_column][\/et_pb_row][et_pb_row column_structure=&#8221;2_5,3_5&#8243; _builder_version=&#8221;4.27.4&#8243; _module_preset=&#8221;default&#8221; global_colors_info=&#8221;{}&#8221;][et_pb_column type=&#8221;2_5&#8243; _builder_version=&#8221;4.27.4&#8243; _module_preset=&#8221;default&#8221; background_color=&#8221;#5A5A5A&#8221; custom_padding=&#8221;15px|15px|15px|15px|false|false&#8221; box_shadow_style=&#8221;preset1&#8243; global_colors_info=&#8221;{}&#8221;][et_pb_text _builder_version=&#8221;4.27.4&#8243; _module_preset=&#8221;default&#8221; text_text_color=&#8221;#FFFFFF&#8221; link_text_color=&#8221;#E09900&#8243; header_text_color=&#8221;#FFFFFF&#8221; header_2_text_color=&#8221;#FFFFFF&#8221; hover_enabled=&#8221;0&#8243; global_colors_info=&#8221;{}&#8221; sticky_enabled=&#8221;0&#8243;]<\/p>\n<h2>Niscar Kft.<\/h2>\n<p>1112 Budapest, Vizsla utca 6.<\/p>\n<p><a href=\"https:\/\/www.google.com\/maps\/place\/Budapest,+Vizsla+u.+6,+1112+Hungary\/@47.4627665,19.0059068,617m\/data=!3m2!1e3!4b1!4m6!3m5!1s0x4741dde62cdd7731:0x145073424c513b4c!8m2!3d47.462763!4d19.0107777!16s%2Fg%2F11mcy2xl2z?entry=ttu&amp;g_ep=EgoyMDI1MDczMC4wIKXMDSoASAFQAw%3D%3D\" target=\"_blank\" rel=\"noopener\">\u00fatonaltervez\u00e9s &gt;&gt;&gt;<\/a><\/p>\n<p><strong>Ad\u00f3sz\u00e1m:<\/strong> 25350632-2-43<br \/><strong>C\u00e9gjegyz\u00e9ksz\u00e1m:<\/strong> 01 09 283732<\/p>\n<p><strong>Email:<\/strong> <a href=\"mailto:%20info@cherycentrum.hu\">info@cherycentrum.hu<\/a><br \/><strong>web:<\/strong> <a href=\"https:\/\/wpexp.com.au\/cherycentrum\">cherycentrum.hu<\/a><\/p>\n<p><a href=\"#munkatarsaink\">Munkat\u00e1rsaink &gt;&gt;&gt;<\/a><\/p>\n<p><strong>Nyitvatart\u00e1s:<\/strong><\/p>\n<p><strong>\u00c9rt\u00e9kes\u00edt\u00e9s:<br \/><\/strong>H\u00e9tf\u0151-P\u00e9ntek:<br \/>08.00 \u2013 18.00 \u00f3ra<br \/>Szombat:<br \/>09.00 \u2013 13.00 \u00f3ra<\/p>\n<p><strong>Szerviz:<\/strong><br \/>H\u00e9tf\u0151-P\u00e9ntek:<br \/>07.00 \u2013 17.00 \u00f3ra<br \/>Szombat-Vas\u00e1rnap:<br \/>z\u00e1rva<\/p>\n<p>[\/et_pb_text][\/et_pb_column][et_pb_column type=&#8221;3_5&#8243; _builder_version=&#8221;4.27.4&#8243; _module_preset=&#8221;default&#8221; global_colors_info=&#8221;{}&#8221;][et_pb_image src=&#8221;https:\/\/wpexp.com.au\/cherycentrum\/wp-content\/uploads\/2025\/08\/Cherycentrum_terkep.png&#8221; url=&#8221;https:\/\/maps.app.goo.gl\/4xWy8FU6pSMjCkZq6&#8243; url_new_window=&#8221;on&#8221; align=&#8221;center&#8221; _builder_version=&#8221;4.27.4&#8243; _module_preset=&#8221;default&#8221; global_colors_info=&#8221;{}&#8221;][\/et_pb_image][\/et_pb_column][\/et_pb_row][\/et_pb_section][et_pb_section fb_built=&#8221;1&#8243; module_id=&#8221;munkatarsaink&#8221; _builder_version=&#8221;4.27.4&#8243; _module_preset=&#8221;default&#8221; background_color=&#8221;#E1D8CA&#8221; global_colors_info=&#8221;{}&#8221;][et_pb_row _builder_version=&#8221;4.27.4&#8243; _module_preset=&#8221;default&#8221; global_colors_info=&#8221;{}&#8221;][et_pb_column type=&#8221;4_4&#8243; _builder_version=&#8221;4.27.4&#8243; _module_preset=&#8221;default&#8221; global_colors_info=&#8221;{}&#8221;][et_pb_heading title=&#8221;MUNKAT\u00c1RSAINK&#8221; _builder_version=&#8221;4.27.4&#8243; _module_preset=&#8221;default&#8221; title_text_color=&#8221;#5A5A5A&#8221; title_font_size=&#8221;40px&#8221; animation_style=&#8221;fade&#8221; title_font_size_tablet=&#8221;40px&#8221; title_font_size_phone=&#8221;30px&#8221; title_font_size_last_edited=&#8221;on|phone&#8221; global_colors_info=&#8221;{}&#8221;][\/et_pb_heading][\/et_pb_column][\/et_pb_row][et_pb_row column_structure=&#8221;1_2,1_2&#8243; _builder_version=&#8221;4.27.4&#8243; _module_preset=&#8221;default&#8221; scroll_fade_enable=&#8221;on&#8221; global_colors_info=&#8221;{}&#8221;][et_pb_column type=&#8221;1_2&#8243; _builder_version=&#8221;4.27.4&#8243; _module_preset=&#8221;default&#8221; global_colors_info=&#8221;{}&#8221;][et_pb_image src=&#8221;https:\/\/wpexp.com.au\/cherycentrum\/wp-content\/uploads\/2025\/08\/Cherycentrum_Toth_Bence.jpg&#8221; align=&#8221;right&#8221; align_tablet=&#8221;right&#8221; align_phone=&#8221;left&#8221; align_last_edited=&#8221;on|phone&#8221; _builder_version=&#8221;4.27.4&#8243; _module_preset=&#8221;default&#8221; max_height=&#8221;231px&#8221; box_shadow_style=&#8221;preset3&#8243; global_colors_info=&#8221;{}&#8221;][\/et_pb_image][\/et_pb_column][et_pb_column type=&#8221;1_2&#8243; _builder_version=&#8221;4.27.4&#8243; _module_preset=&#8221;default&#8221; global_colors_info=&#8221;{}&#8221;][et_pb_text _builder_version=&#8221;4.27.4&#8243; _module_preset=&#8221;default&#8221; link_text_color=&#8221;#E09900&#8243; global_colors_info=&#8221;{}&#8221;]<\/p>\n<h3><strong>T\u00f3th Bence<\/strong><\/h3>\n<p>\u00e9rt\u00e9kes\u00edt\u00e9si vezet\u0151<br \/>E-mail c\u00edm: <a href=\"mailto:toth.bence@cherycentrum.hu\">toth.bence@cherycentrum.hu<\/a><br \/>Telefon: <a href=\"tel:+36302600152\">+36 30 260 0152<\/a><\/p>\n<p>[\/et_pb_text][\/et_pb_column][\/et_pb_row][et_pb_row column_structure=&#8221;1_2,1_2&#8243; _builder_version=&#8221;4.27.4&#8243; _module_preset=&#8221;default&#8221; scroll_fade_enable=&#8221;on&#8221; global_colors_info=&#8221;{}&#8221;][et_pb_column type=&#8221;1_2&#8243; _builder_version=&#8221;4.27.4&#8243; _module_preset=&#8221;default&#8221; global_colors_info=&#8221;{}&#8221;][et_pb_image src=&#8221;https:\/\/wpexp.com.au\/cherycentrum\/wp-content\/uploads\/2025\/08\/Cherycentrum_barocsypeter.jpg&#8221; align=&#8221;right&#8221; align_tablet=&#8221;left&#8221; align_phone=&#8221;left&#8221; align_last_edited=&#8221;on|tablet&#8221; _builder_version=&#8221;4.27.4&#8243; _module_preset=&#8221;default&#8221; max_height=&#8221;231px&#8221; box_shadow_style=&#8221;preset3&#8243; global_colors_info=&#8221;{}&#8221;][\/et_pb_image][\/et_pb_column][et_pb_column type=&#8221;1_2&#8243; _builder_version=&#8221;4.27.4&#8243; _module_preset=&#8221;default&#8221; global_colors_info=&#8221;{}&#8221;][et_pb_text _builder_version=&#8221;4.27.4&#8243; _module_preset=&#8221;default&#8221; link_text_color=&#8221;#E09900&#8243; global_colors_info=&#8221;{}&#8221;]<\/p>\n<h3><strong>Bar\u00f3csy P\u00e9ter<\/strong><\/h3>\n<p>\u00e9rt\u00e9kes\u00edt\u00e9si tan\u00e1csad\u00f3<br \/>E-mail c\u00edm: <a href=\"mailto:barocsy.peter@cherycentrum.hu\">barocsy.peter@cherycentrum.hu<\/a><br \/>Telefon: <a href=\"tel:+36706310634\">+36 70 631 0634<\/a><\/p>\n<p>[\/et_pb_text][\/et_pb_column][\/et_pb_row][et_pb_row column_structure=&#8221;1_2,1_2&#8243; _builder_version=&#8221;4.27.4&#8243; _module_preset=&#8221;default&#8221; scroll_fade_enable=&#8221;on&#8221; global_colors_info=&#8221;{}&#8221;][et_pb_column type=&#8221;1_2&#8243; _builder_version=&#8221;4.27.4&#8243; _module_preset=&#8221;default&#8221; global_colors_info=&#8221;{}&#8221;][et_pb_image src=&#8221;https:\/\/wpexp.com.au\/cherycentrum\/wp-content\/uploads\/2025\/08\/kadar-otto_1.jpg&#8221; align=&#8221;right&#8221; align_tablet=&#8221;left&#8221; align_phone=&#8221;left&#8221; align_last_edited=&#8221;on|tablet&#8221; _builder_version=&#8221;4.27.4&#8243; _module_preset=&#8221;default&#8221; max_height=&#8221;231px&#8221; box_shadow_style=&#8221;preset3&#8243; global_colors_info=&#8221;{}&#8221;][\/et_pb_image][\/et_pb_column][et_pb_column type=&#8221;1_2&#8243; _builder_version=&#8221;4.27.4&#8243; _module_preset=&#8221;default&#8221; global_colors_info=&#8221;{}&#8221;][et_pb_text _builder_version=&#8221;4.27.4&#8243; _module_preset=&#8221;default&#8221; link_text_color=&#8221;#E09900&#8243; global_colors_info=&#8221;{}&#8221;]<\/p>\n<h3><strong>K\u00e1d\u00e1r Ott\u00f3<\/strong><\/h3>\n<p>term\u00e9kspecialista<br \/>E-mail c\u00edm: <a href=\"mailto:kadar.otto@cherycentrum.hu\">kadar.otto@cherycentrum.hu<\/a><br \/>Telefon: <a href=\"tel:+36209796189\">+36 20 979 6189<\/a><\/p>\n<p>[\/et_pb_text][\/et_pb_column][\/et_pb_row][et_pb_row column_structure=&#8221;1_2,1_2&#8243; _builder_version=&#8221;4.27.4&#8243; _module_preset=&#8221;default&#8221; scroll_fade_enable=&#8221;on&#8221; global_colors_info=&#8221;{}&#8221;][et_pb_column type=&#8221;1_2&#8243; _builder_version=&#8221;4.27.4&#8243; _module_preset=&#8221;default&#8221; global_colors_info=&#8221;{}&#8221;][et_pb_image src=&#8221;https:\/\/wpexp.com.au\/cherycentrum\/wp-content\/uploads\/2025\/08\/Galicz_Zsolt.jpg&#8221; align=&#8221;right&#8221; align_tablet=&#8221;left&#8221; align_phone=&#8221;left&#8221; align_last_edited=&#8221;on|tablet&#8221; _builder_version=&#8221;4.27.4&#8243; _module_preset=&#8221;default&#8221; max_height=&#8221;231px&#8221; box_shadow_style=&#8221;preset3&#8243; global_colors_info=&#8221;{}&#8221;][\/et_pb_image][\/et_pb_column][et_pb_column type=&#8221;1_2&#8243; _builder_version=&#8221;4.27.4&#8243; _module_preset=&#8221;default&#8221; global_colors_info=&#8221;{}&#8221;][et_pb_text _builder_version=&#8221;4.27.4&#8243; _module_preset=&#8221;default&#8221; link_text_color=&#8221;#E09900&#8243; global_colors_info=&#8221;{}&#8221;]<\/p>\n<h3><strong>Galicz Zsolt<\/strong><\/h3>\n<p>flotta \u00e9rt\u00e9kes\u00edt\u0151<br \/>\nE-mail c\u00edm: <a href=\"mailto:flotta@cherycentrum.hu\">flotta@cherycentrum.hu<\/a><br \/>\nTelefon: <a href=\"tel:+36704189711\">+36 70 418 9711<\/a>[\/et_pb_text][\/et_pb_column][\/et_pb_row][et_pb_row column_structure=&#8221;1_2,1_2&#8243; _builder_version=&#8221;4.27.4&#8243; _module_preset=&#8221;default&#8221; scroll_fade_enable=&#8221;on&#8221; scroll_fade=&#8221;0|21|21|100|0|100|100&#8243; global_colors_info=&#8221;{}&#8221;][et_pb_column type=&#8221;1_2&#8243; _builder_version=&#8221;4.27.4&#8243; _module_preset=&#8221;default&#8221; global_colors_info=&#8221;{}&#8221;][et_pb_image src=&#8221;https:\/\/wpexp.com.au\/cherycentrum\/wp-content\/uploads\/2025\/08\/Kozdon_Viktor.jpg&#8221; align=&#8221;right&#8221; align_tablet=&#8221;right&#8221; align_phone=&#8221;left&#8221; align_last_edited=&#8221;on|desktop&#8221; _builder_version=&#8221;4.27.4&#8243; _module_preset=&#8221;default&#8221; max_height=&#8221;231px&#8221; box_shadow_style=&#8221;preset3&#8243; global_colors_info=&#8221;{}&#8221;][\/et_pb_image][\/et_pb_column][et_pb_column type=&#8221;1_2&#8243; _builder_version=&#8221;4.27.4&#8243; _module_preset=&#8221;default&#8221; global_colors_info=&#8221;{}&#8221;][et_pb_text _builder_version=&#8221;4.27.4&#8243; _module_preset=&#8221;default&#8221; link_text_color=&#8221;#E09900&#8243; global_colors_info=&#8221;{}&#8221;]<\/p>\n<h3><strong>Kozdon Viktor<\/strong><\/h3>\n<p>E-mail c\u00edm: <a href=\"mailto:kozdon.viktor@cherycentrum.hu\">kozdon.viktor@cherycentrum.hu<\/a><br \/>Telefon: <a href=\"tel:+36706795021\">+36 70 679 5021<\/a><\/p>\n<p>[\/et_pb_text][\/et_pb_column][\/et_pb_row][\/et_pb_section]<\/p>\n<span class=\"et_bloom_bottom_trigger\"><\/span>","protected":false},"excerpt":{"rendered":"<p>Niscar Kft. 1112 Budapest, Vizsla utca 6. \u00fatonaltervez\u00e9s &gt;&gt;&gt; Ad\u00f3sz\u00e1m: 25350632-2-43C\u00e9gjegyz\u00e9ksz\u00e1m: 01 09 283732 Email: info@cherycentrum.huweb: cherycentrum.hu Munkat\u00e1rsaink &gt;&gt;&gt; Nyitvatart\u00e1s: \u00c9rt\u00e9kes\u00edt\u00e9s:H\u00e9tf\u0151-P\u00e9ntek:08.00 \u2013 18.00 \u00f3raSzombat:09.00 \u2013 13.00 \u00f3ra Szerviz:H\u00e9tf\u0151-P\u00e9ntek:07.00 \u2013 17.00 \u00f3raSzombat-Vas\u00e1rnap:z\u00e1rvaT\u00f3th Bence \u00e9rt\u00e9kes\u00edt\u00e9si vezet\u0151E-mail c\u00edm: toth.bence@cherycentrum.huTelefon: +36 30 260 0152Bar\u00f3csy P\u00e9ter \u00e9rt\u00e9kes\u00edt\u00e9si tan\u00e1csad\u00f3E-mail c\u00edm: barocsy.peter@cherycentrum.huTelefon: +36 70 631 0634K\u00e1d\u00e1r Ott\u00f3 term\u00e9kspecialistaE-mail c\u00edm: kadar.otto@cherycentrum.huTelefon: +36 20 [&hellip;]<\/p>\n","protected":false},"author":1,"featured_media":0,"parent":0,"menu_order":0,"comment_status":"closed","ping_status":"closed","template":"","meta":{"_et_pb_use_builder":"on","_et_pb_old_content":"","_et_gb_content_width":"","footnotes":""},"class_list":["post-278735","page","type-page","status-publish","hentry"],"yoast_head":"<!-- This site is optimized with the Yoast SEO plugin v25.7 - https:\/\/yoast.com\/wordpress\/plugins\/seo\/ -->\n<title>El\u00e9rhet\u0151s\u00e9gek - Chery Centrum<\/title>\n<meta name=\"robots\" content=\"index, follow, max-snippet:-1, max-image-preview:large, max-video-preview:-1\" \/>\n<link rel=\"canonical\" href=\"https:\/\/wpexp.com.au\/cherycentrum\/elerhetosegek\/\" \/>\n<meta property=\"og:locale\" content=\"hu_HU\" \/>\n<meta property=\"og:type\" content=\"article\" \/>\n<meta property=\"og:title\" content=\"El\u00e9rhet\u0151s\u00e9gek - Chery Centrum\" \/>\n<meta property=\"og:description\" content=\"Niscar Kft. 1112 Budapest, Vizsla utca 6. \u00fatonaltervez\u00e9s &gt;&gt;&gt; Ad\u00f3sz\u00e1m: 25350632-2-43C\u00e9gjegyz\u00e9ksz\u00e1m: 01 09 283732 Email: info@cherycentrum.huweb: cherycentrum.hu Munkat\u00e1rsaink &gt;&gt;&gt; Nyitvatart\u00e1s: \u00c9rt\u00e9kes\u00edt\u00e9s:H\u00e9tf\u0151-P\u00e9ntek:08.00 \u2013 18.00 \u00f3raSzombat:09.00 \u2013 13.00 \u00f3ra Szerviz:H\u00e9tf\u0151-P\u00e9ntek:07.00 \u2013 17.00 \u00f3raSzombat-Vas\u00e1rnap:z\u00e1rvaT\u00f3th Bence \u00e9rt\u00e9kes\u00edt\u00e9si vezet\u0151E-mail c\u00edm: toth.bence@cherycentrum.huTelefon: +36 30 260 0152Bar\u00f3csy P\u00e9ter \u00e9rt\u00e9kes\u00edt\u00e9si tan\u00e1csad\u00f3E-mail c\u00edm: barocsy.peter@cherycentrum.huTelefon: +36 70 631 0634K\u00e1d\u00e1r Ott\u00f3 term\u00e9kspecialistaE-mail c\u00edm: kadar.otto@cherycentrum.huTelefon: +36 20 [&hellip;]\" \/>\n<meta property=\"og:url\" content=\"https:\/\/wpexp.com.au\/cherycentrum\/elerhetosegek\/\" \/>\n<meta property=\"og:site_name\" content=\"Chery Centrum\" \/>\n<meta property=\"article:publisher\" content=\"https:\/\/www.facebook.com\/profile.php?id=61574492608529\" \/>\n<meta property=\"article:modified_time\" content=\"2025-08-30T01:41:35+00:00\" \/>\n<meta name=\"twitter:card\" content=\"summary_large_image\" \/>\n<script type=\"application\/ld+json\" class=\"yoast-schema-graph\">{\"@context\":\"https:\/\/schema.org\",\"@graph\":[{\"@type\":\"WebPage\",\"@id\":\"https:\/\/wpexp.com.au\/cherycentrum\/elerhetosegek\/\",\"url\":\"https:\/\/wpexp.com.au\/cherycentrum\/elerhetosegek\/\",\"name\":\"El\u00e9rhet\u0151s\u00e9gek - Chery Centrum\",\"isPartOf\":{\"@id\":\"https:\/\/wpexp.com.au\/cherycentrum\/#website\"},\"datePublished\":\"2025-08-03T06:31:05+00:00\",\"dateModified\":\"2025-08-30T01:41:35+00:00\",\"breadcrumb\":{\"@id\":\"https:\/\/wpexp.com.au\/cherycentrum\/elerhetosegek\/#breadcrumb\"},\"inLanguage\":\"hu\",\"potentialAction\":[{\"@type\":\"ReadAction\",\"target\":[\"https:\/\/wpexp.com.au\/cherycentrum\/elerhetosegek\/\"]}]},{\"@type\":\"BreadcrumbList\",\"@id\":\"https:\/\/wpexp.com.au\/cherycentrum\/elerhetosegek\/#breadcrumb\",\"itemListElement\":[{\"@type\":\"ListItem\",\"position\":1,\"name\":\"Kezd\u0151lap\",\"item\":\"https:\/\/wpexp.com.au\/cherycentrum\/\"},{\"@type\":\"ListItem\",\"position\":2,\"name\":\"El\u00e9rhet\u0151s\u00e9gek\"}]},{\"@type\":\"WebSite\",\"@id\":\"https:\/\/wpexp.com.au\/cherycentrum\/#website\",\"url\":\"https:\/\/wpexp.com.au\/cherycentrum\/\",\"name\":\"Chery Centrum\",\"description\":\"\",\"publisher\":{\"@id\":\"https:\/\/wpexp.com.au\/cherycentrum\/#organization\"},\"potentialAction\":[{\"@type\":\"SearchAction\",\"target\":{\"@type\":\"EntryPoint\",\"urlTemplate\":\"https:\/\/wpexp.com.au\/cherycentrum\/?s={search_term_string}\"},\"query-input\":{\"@type\":\"PropertyValueSpecification\",\"valueRequired\":true,\"valueName\":\"search_term_string\"}}],\"inLanguage\":\"hu\"},{\"@type\":\"Organization\",\"@id\":\"https:\/\/wpexp.com.au\/cherycentrum\/#organization\",\"name\":\"Chery Centrum\",\"url\":\"https:\/\/wpexp.com.au\/cherycentrum\/\",\"logo\":{\"@type\":\"ImageObject\",\"inLanguage\":\"hu\",\"@id\":\"https:\/\/wpexp.com.au\/cherycentrum\/#\/schema\/logo\/image\/\",\"url\":\"https:\/\/wpexp.com.au\/cherycentrum\/wp-content\/uploads\/2025\/07\/FINAL_CHERY_CENTRUM-_LOGO_HORIZONTAL_BLACK_RED.png\",\"contentUrl\":\"https:\/\/wpexp.com.au\/cherycentrum\/wp-content\/uploads\/2025\/07\/FINAL_CHERY_CENTRUM-_LOGO_HORIZONTAL_BLACK_RED.png\",\"width\":1643,\"height\":440,\"caption\":\"Chery Centrum\"},\"image\":{\"@id\":\"https:\/\/wpexp.com.au\/cherycentrum\/#\/schema\/logo\/image\/\"},\"sameAs\":[\"https:\/\/www.facebook.com\/profile.php?id=61574492608529\"]}]}<\/script>\n<!-- \/ Yoast SEO plugin. -->","yoast_head_json":{"title":"El\u00e9rhet\u0151s\u00e9gek - Chery Centrum","robots":{"index":"index","follow":"follow","max-snippet":"max-snippet:-1","max-image-preview":"max-image-preview:large","max-video-preview":"max-video-preview:-1"},"canonical":"https:\/\/wpexp.com.au\/cherycentrum\/elerhetosegek\/","og_locale":"hu_HU","og_type":"article","og_title":"El\u00e9rhet\u0151s\u00e9gek - Chery Centrum","og_description":"Niscar Kft. 1112 Budapest, Vizsla utca 6. \u00fatonaltervez\u00e9s &gt;&gt;&gt; Ad\u00f3sz\u00e1m: 25350632-2-43C\u00e9gjegyz\u00e9ksz\u00e1m: 01 09 283732 Email: info@cherycentrum.huweb: cherycentrum.hu Munkat\u00e1rsaink &gt;&gt;&gt; Nyitvatart\u00e1s: \u00c9rt\u00e9kes\u00edt\u00e9s:H\u00e9tf\u0151-P\u00e9ntek:08.00 \u2013 18.00 \u00f3raSzombat:09.00 \u2013 13.00 \u00f3ra Szerviz:H\u00e9tf\u0151-P\u00e9ntek:07.00 \u2013 17.00 \u00f3raSzombat-Vas\u00e1rnap:z\u00e1rvaT\u00f3th Bence \u00e9rt\u00e9kes\u00edt\u00e9si vezet\u0151E-mail c\u00edm: toth.bence@cherycentrum.huTelefon: +36 30 260 0152Bar\u00f3csy P\u00e9ter \u00e9rt\u00e9kes\u00edt\u00e9si tan\u00e1csad\u00f3E-mail c\u00edm: barocsy.peter@cherycentrum.huTelefon: +36 70 631 0634K\u00e1d\u00e1r Ott\u00f3 term\u00e9kspecialistaE-mail c\u00edm: kadar.otto@cherycentrum.huTelefon: +36 20 [&hellip;]","og_url":"https:\/\/wpexp.com.au\/cherycentrum\/elerhetosegek\/","og_site_name":"Chery Centrum","article_publisher":"https:\/\/www.facebook.com\/profile.php?id=61574492608529","article_modified_time":"2025-08-30T01:41:35+00:00","twitter_card":"summary_large_image","schema":{"@context":"https:\/\/schema.org","@graph":[{"@type":"WebPage","@id":"https:\/\/wpexp.com.au\/cherycentrum\/elerhetosegek\/","url":"https:\/\/wpexp.com.au\/cherycentrum\/elerhetosegek\/","name":"El\u00e9rhet\u0151s\u00e9gek - Chery Centrum","isPartOf":{"@id":"https:\/\/wpexp.com.au\/cherycentrum\/#website"},"datePublished":"2025-08-03T06:31:05+00:00","dateModified":"2025-08-30T01:41:35+00:00","breadcrumb":{"@id":"https:\/\/wpexp.com.au\/cherycentrum\/elerhetosegek\/#breadcrumb"},"inLanguage":"hu","potentialAction":[{"@type":"ReadAction","target":["https:\/\/wpexp.com.au\/cherycentrum\/elerhetosegek\/"]}]},{"@type":"BreadcrumbList","@id":"https:\/\/wpexp.com.au\/cherycentrum\/elerhetosegek\/#breadcrumb","itemListElement":[{"@type":"ListItem","position":1,"name":"Kezd\u0151lap","item":"https:\/\/wpexp.com.au\/cherycentrum\/"},{"@type":"ListItem","position":2,"name":"El\u00e9rhet\u0151s\u00e9gek"}]},{"@type":"WebSite","@id":"https:\/\/wpexp.com.au\/cherycentrum\/#website","url":"https:\/\/wpexp.com.au\/cherycentrum\/","name":"Chery Centrum","description":"","publisher":{"@id":"https:\/\/wpexp.com.au\/cherycentrum\/#organization"},"potentialAction":[{"@type":"SearchAction","target":{"@type":"EntryPoint","urlTemplate":"https:\/\/wpexp.com.au\/cherycentrum\/?s={search_term_string}"},"query-input":{"@type":"PropertyValueSpecification","valueRequired":true,"valueName":"search_term_string"}}],"inLanguage":"hu"},{"@type":"Organization","@id":"https:\/\/wpexp.com.au\/cherycentrum\/#organization","name":"Chery Centrum","url":"https:\/\/wpexp.com.au\/cherycentrum\/","logo":{"@type":"ImageObject","inLanguage":"hu","@id":"https:\/\/wpexp.com.au\/cherycentrum\/#\/schema\/logo\/image\/","url":"https:\/\/wpexp.com.au\/cherycentrum\/wp-content\/uploads\/2025\/07\/FINAL_CHERY_CENTRUM-_LOGO_HORIZONTAL_BLACK_RED.png","contentUrl":"https:\/\/wpexp.com.au\/cherycentrum\/wp-content\/uploads\/2025\/07\/FINAL_CHERY_CENTRUM-_LOGO_HORIZONTAL_BLACK_RED.png","width":1643,"height":440,"caption":"Chery Centrum"},"image":{"@id":"https:\/\/wpexp.com.au\/cherycentrum\/#\/schema\/logo\/image\/"},"sameAs":["https:\/\/www.facebook.com\/profile.php?id=61574492608529"]}]}},"_links":{"self":[{"href":"https:\/\/wpexp.com.au\/cherycentrum\/wp-json\/wp\/v2\/pages\/278735","targetHints":{"allow":["GET"]}}],"collection":[{"href":"https:\/\/wpexp.com.au\/cherycentrum\/wp-json\/wp\/v2\/pages"}],"about":[{"href":"https:\/\/wpexp.com.au\/cherycentrum\/wp-json\/wp\/v2\/types\/page"}],"author":[{"embeddable":true,"href":"https:\/\/wpexp.com.au\/cherycentrum\/wp-json\/wp\/v2\/users\/1"}],"replies":[{"embeddable":true,"href":"https:\/\/wpexp.com.au\/cherycentrum\/wp-json\/wp\/v2\/comments?post=278735"}],"version-history":[{"count":25,"href":"https:\/\/wpexp.com.au\/cherycentrum\/wp-json\/wp\/v2\/pages\/278735\/revisions"}],"predecessor-version":[{"id":279372,"href":"https:\/\/wpexp.com.au\/cherycentrum\/wp-json\/wp\/v2\/pages\/278735\/revisions\/279372"}],"wp:attachment":[{"href":"https:\/\/wpexp.com.au\/cherycentrum\/wp-json\/wp\/v2\/media?parent=278735"}],"curies":[{"name":"wp","href":"https:\/\/api.w.org\/{rel}","templated":true}]}}